{"id":1229,"date":"2023-02-27T11:51:59","date_gmt":"2023-02-27T16:51:59","guid":{"rendered":"http:\/\/ucmh.sld.cu\/?page_id=1229"},"modified":"2023-05-08T11:55:13","modified_gmt":"2023-05-08T16:55:13","slug":"comision-de-grado-cientifico","status":"publish","type":"page","link":"https:\/\/ucmh.sld.cu\/?page_id=1229","title":{"rendered":"Comisi\u00f3n de Grado Cient\u00edfico"},"content":{"rendered":"<audio class=\"audio-for-speech\"><\/audio>\r\n<div class=\"translate-tooltip-mtz translator-hidden\">\r\n<div class=\"header\">\r\n<div class=\"header-controls\"><\/div>\r\n<div class=\"header-controls\"><\/div>\r\n<\/div>\r\n<div class=\"translated-text\">\r\n<div class=\"words\"><\/div>\r\n<div class=\"sentences\"><\/div>\r\n<\/div>\r\n<\/div>\r\n&nbsp;\r\n\r\n[vc_row][vc_column width=&#8221;1\/3&#8243;][vc_single_image image=&#8221;1246&#8243; img_size=&#8221;full&#8221; add_caption=&#8221;yes&#8221; alignment=&#8221;center&#8221; style=&#8221;vc_box_shadow_3d&#8221; css_animation=&#8221;none&#8221;][vc_text_separator title=&#8221;Presidente.&#8221; color=&#8221;custom&#8221; style=&#8221;shadow&#8221; accent_color=&#8221;#115696&#8243;][\/vc_column][vc_column width=&#8221;2\/3&#8243;][vc_column_text]<audio class=\"audio-for-speech\"><\/audio>\r\n<div class=\"translate-tooltip-mtz translator-hidden\">\r\n<div class=\"header\">\r\n<div class=\"header-controls\"><\/div>\r\n<div class=\"header-controls\"><\/div>\r\n<\/div>\r\n<div class=\"translated-text\">\r\n<div class=\"words\"><\/div>\r\n<div class=\"sentences\"><\/div>\r\n<\/div>\r\n<\/div>\r\n&nbsp;\r\n\r\nLa Comisi\u00f3n de Grado cient\u00edfico de la UCMH est\u00e1 integrada por 71\u00a0 miembros, todos Doctores en Ciencias.\r\n\r\nEst\u00e1 presidida por el Doctor en Ciencias de la Salud. Eduardo J. Alema\u00f1y P\u00e9rez, Especialista Segundo Grado en Medicina General Integral. Profesor e Investigador Titular.\r\n\r\nComo Secretario fue designado el Dr. C. Ricardo Izquierdo Medina .\r\n\r\nTiene su sede en el Centro de Desarrollo Acad\u00e9mico en Salud (CEDAS) de la Universidad de Ciencias M\u00e9dicas de La Habana, que radica en el edificio central de la Facultad de Ciencias M\u00e9dicas- Instituto de Ciencias B\u00e1sicas y Precl\u00ednicas\u00a0 Victoria de Gir\u00f3n, en Cubanac\u00e1n.\r\n<div class=\"translate-tooltip-mtz translator-hidden\">\r\n<div class=\"header\">\r\n<div class=\"header-controls\"><\/div>\r\n<div class=\"header-controls\"><\/div>\r\n<\/div>\r\n<\/div>\r\n[\/vc_column_text][\/vc_column][\/vc_row]","protected":false},"excerpt":{"rendered":"<p>&nbsp; [vc_row][vc_column width=&#8221;1\/3&#8243;][vc_single_image image=&#8221;1246&#8243; img_size=&#8221;full&#8221; add_caption=&#8221;yes&#8221; alignment=&#8221;center&#8221; style=&#8221;vc_box_shadow_3d&#8221; css_animation=&#8221;none&#8221;][vc_text_separator title=&#8221;Presidente.&#8221; color=&#8221;custom&#8221; style=&#8221;shadow&#8221; accent_color=&#8221;#115696&#8243;][\/vc_column][vc_column width=&#8221;2\/3&#8243;][vc_column_text] &nbsp; La Comisi\u00f3n de Grado cient\u00edfico de la UCMH est\u00e1 integrada por 71\u00a0 miembros, todos Doctores en Ciencias. Est\u00e1 presidida por el Doctor en Ciencias de la Salud. Eduardo J. Alema\u00f1y P\u00e9rez, Especialista Segundo Grado en Medicina General Integral. Profesor e [&hellip;]<\/p>\n","protected":false},"author":1,"featured_media":0,"parent":0,"menu_order":0,"comment_status":"closed","ping_status":"closed","template":"fullwidth-template.php","meta":{"_lmt_disableupdate":"no","_lmt_disable":"no"},"yoast_head":"<!-- This site is optimized with the Yoast SEO plugin v20.7 - https:\/\/yoast.com\/wordpress\/plugins\/seo\/ -->\n<title>Comisi\u00f3n de Grado Cient\u00edfico - UCMHabana<\/title>\n<meta name=\"robots\" content=\"index, follow, max-snippet:-1, max-image-preview:large, max-video-preview:-1\" \/>\n<link rel=\"canonical\" href=\"https:\/\/ucmh.sld.cu\/?page_id=1229\" \/>\n<meta property=\"og:locale\" content=\"es_ES\" \/>\n<meta property=\"og:type\" content=\"article\" \/>\n<meta property=\"og:title\" content=\"Comisi\u00f3n de Grado Cient\u00edfico - UCMHabana\" \/>\n<meta property=\"og:description\" content=\"&nbsp; [vc_row][vc_column width=&#8221;1\/3&#8243;][vc_single_image image=&#8221;1246&#8243; img_size=&#8221;full&#8221; add_caption=&#8221;yes&#8221; alignment=&#8221;center&#8221; style=&#8221;vc_box_shadow_3d&#8221; css_animation=&#8221;none&#8221;][vc_text_separator title=&#8221;Presidente.&#8221; color=&#8221;custom&#8221; style=&#8221;shadow&#8221; accent_color=&#8221;#115696&#8243;][\/vc_column][vc_column width=&#8221;2\/3&#8243;][vc_column_text] &nbsp; La Comisi\u00f3n de Grado cient\u00edfico de la UCMH est\u00e1 integrada por 71\u00a0 miembros, todos Doctores en Ciencias. Est\u00e1 presidida por el Doctor en Ciencias de la Salud. Eduardo J. Alema\u00f1y P\u00e9rez, Especialista Segundo Grado en Medicina General Integral. Profesor e [&hellip;]\" \/>\n<meta property=\"og:url\" content=\"https:\/\/ucmh.sld.cu\/?page_id=1229\" \/>\n<meta property=\"og:site_name\" content=\"UCMHabana\" \/>\n<meta property=\"article:publisher\" content=\"https:\/\/www.facebook.com\/universidadcienciasmedicashabana\" \/>\n<meta property=\"article:modified_time\" content=\"2023-05-08T16:55:13+00:00\" \/>\n<meta property=\"og:image\" content=\"https:\/\/ucmh.sld.cu\/wp-content\/uploads\/2022\/06\/LOGO-IMAGEN-TEXTO-CONSOMBRA-PNG.png\" \/>\n\t<meta property=\"og:image:width\" content=\"450\" \/>\n\t<meta property=\"og:image:height\" content=\"135\" \/>\n\t<meta property=\"og:image:type\" content=\"image\/png\" \/>\n<meta name=\"twitter:card\" content=\"summary_large_image\" \/>\n<meta name=\"twitter:site\" content=\"@UCMHabana\" \/>\n<meta name=\"twitter:label1\" content=\"Est. reading time\" \/>\n\t<meta name=\"twitter:data1\" content=\"1 minuto\" \/>\n<script type=\"application\/ld+json\" class=\"yoast-schema-graph\">{\"@context\":\"https:\/\/schema.org\",\"@graph\":[{\"@type\":\"WebPage\",\"@id\":\"https:\/\/ucmh.sld.cu\/?page_id=1229\",\"url\":\"https:\/\/ucmh.sld.cu\/?page_id=1229\",\"name\":\"Comisi\u00f3n de Grado Cient\u00edfico - UCMHabana\",\"isPartOf\":{\"@id\":\"https:\/\/ucmh.sld.cu\/#website\"},\"datePublished\":\"2023-02-27T16:51:59+00:00\",\"dateModified\":\"2023-05-08T16:55:13+00:00\",\"breadcrumb\":{\"@id\":\"https:\/\/ucmh.sld.cu\/?page_id=1229#breadcrumb\"},\"inLanguage\":\"es\",\"potentialAction\":[{\"@type\":\"ReadAction\",\"target\":[\"https:\/\/ucmh.sld.cu\/?page_id=1229\"]}]},{\"@type\":\"BreadcrumbList\",\"@id\":\"https:\/\/ucmh.sld.cu\/?page_id=1229#breadcrumb\",\"itemListElement\":[{\"@type\":\"ListItem\",\"position\":1,\"name\":\"Home\",\"item\":\"https:\/\/ucmh.sld.cu\/\"},{\"@type\":\"ListItem\",\"position\":2,\"name\":\"Comisi\u00f3n de Grado Cient\u00edfico\"}]},{\"@type\":\"WebSite\",\"@id\":\"https:\/\/ucmh.sld.cu\/#website\",\"url\":\"https:\/\/ucmh.sld.cu\/\",\"name\":\"UCMHabana\",\"description\":\"Por una universidad de excelencia\",\"publisher\":{\"@id\":\"https:\/\/ucmh.sld.cu\/#organization\"},\"alternateName\":\"Universidad de Ciencias M\u00e9dicas de La Habana\",\"potentialAction\":[{\"@type\":\"SearchAction\",\"target\":{\"@type\":\"EntryPoint\",\"urlTemplate\":\"https:\/\/ucmh.sld.cu\/?s={search_term_string}\"},\"query-input\":\"required name=search_term_string\"}],\"inLanguage\":\"es\"},{\"@type\":\"Organization\",\"@id\":\"https:\/\/ucmh.sld.cu\/#organization\",\"name\":\"Universidad de Ciencias M\u00e9dicas de La Habana\",\"alternateName\":\"UCMHabana\",\"url\":\"https:\/\/ucmh.sld.cu\/\",\"logo\":{\"@type\":\"ImageObject\",\"inLanguage\":\"es\",\"@id\":\"https:\/\/ucmh.sld.cu\/#\/schema\/logo\/image\/\",\"url\":\"https:\/\/ucmh.sld.cu\/wp-content\/uploads\/2023\/05\/logo-universidad_1.jpg\",\"contentUrl\":\"https:\/\/ucmh.sld.cu\/wp-content\/uploads\/2023\/05\/logo-universidad_1.jpg\",\"width\":710,\"height\":498,\"caption\":\"Universidad de Ciencias M\u00e9dicas de La Habana\"},\"image\":{\"@id\":\"https:\/\/ucmh.sld.cu\/#\/schema\/logo\/image\/\"},\"sameAs\":[\"https:\/\/www.facebook.com\/universidadcienciasmedicashabana\",\"https:\/\/twitter.com\/UCMHabana\",\"https:\/\/www.instagram.com\/ucmh_cuba\",\"http:\/\/www.youtube.com\/@universidaddecienciasmedic6315\"]}]}<\/script>\n<!-- \/ Yoast SEO plugin. -->","yoast_head_json":{"title":"Comisi\u00f3n de Grado Cient\u00edfico - UCMHabana","robots":{"index":"index","follow":"follow","max-snippet":"max-snippet:-1","max-image-preview":"max-image-preview:large","max-video-preview":"max-video-preview:-1"},"canonical":"https:\/\/ucmh.sld.cu\/?page_id=1229","og_locale":"es_ES","og_type":"article","og_title":"Comisi\u00f3n de Grado Cient\u00edfico - UCMHabana","og_description":"&nbsp; [vc_row][vc_column width=&#8221;1\/3&#8243;][vc_single_image image=&#8221;1246&#8243; img_size=&#8221;full&#8221; add_caption=&#8221;yes&#8221; alignment=&#8221;center&#8221; style=&#8221;vc_box_shadow_3d&#8221; css_animation=&#8221;none&#8221;][vc_text_separator title=&#8221;Presidente.&#8221; color=&#8221;custom&#8221; style=&#8221;shadow&#8221; accent_color=&#8221;#115696&#8243;][\/vc_column][vc_column width=&#8221;2\/3&#8243;][vc_column_text] &nbsp; La Comisi\u00f3n de Grado cient\u00edfico de la UCMH est\u00e1 integrada por 71\u00a0 miembros, todos Doctores en Ciencias. Est\u00e1 presidida por el Doctor en Ciencias de la Salud. Eduardo J. Alema\u00f1y P\u00e9rez, Especialista Segundo Grado en Medicina General Integral. Profesor e [&hellip;]","og_url":"https:\/\/ucmh.sld.cu\/?page_id=1229","og_site_name":"UCMHabana","article_publisher":"https:\/\/www.facebook.com\/universidadcienciasmedicashabana","article_modified_time":"2023-05-08T16:55:13+00:00","og_image":[{"width":450,"height":135,"url":"https:\/\/ucmh.sld.cu\/wp-content\/uploads\/2022\/06\/LOGO-IMAGEN-TEXTO-CONSOMBRA-PNG.png","type":"image\/png"}],"twitter_card":"summary_large_image","twitter_site":"@UCMHabana","twitter_misc":{"Est. reading time":"1 minuto"},"schema":{"@context":"https:\/\/schema.org","@graph":[{"@type":"WebPage","@id":"https:\/\/ucmh.sld.cu\/?page_id=1229","url":"https:\/\/ucmh.sld.cu\/?page_id=1229","name":"Comisi\u00f3n de Grado Cient\u00edfico - UCMHabana","isPartOf":{"@id":"https:\/\/ucmh.sld.cu\/#website"},"datePublished":"2023-02-27T16:51:59+00:00","dateModified":"2023-05-08T16:55:13+00:00","breadcrumb":{"@id":"https:\/\/ucmh.sld.cu\/?page_id=1229#breadcrumb"},"inLanguage":"es","potentialAction":[{"@type":"ReadAction","target":["https:\/\/ucmh.sld.cu\/?page_id=1229"]}]},{"@type":"BreadcrumbList","@id":"https:\/\/ucmh.sld.cu\/?page_id=1229#breadcrumb","itemListElement":[{"@type":"ListItem","position":1,"name":"Home","item":"https:\/\/ucmh.sld.cu\/"},{"@type":"ListItem","position":2,"name":"Comisi\u00f3n de Grado Cient\u00edfico"}]},{"@type":"WebSite","@id":"https:\/\/ucmh.sld.cu\/#website","url":"https:\/\/ucmh.sld.cu\/","name":"UCMHabana","description":"Por una universidad de excelencia","publisher":{"@id":"https:\/\/ucmh.sld.cu\/#organization"},"alternateName":"Universidad de Ciencias M\u00e9dicas de La Habana","potentialAction":[{"@type":"SearchAction","target":{"@type":"EntryPoint","urlTemplate":"https:\/\/ucmh.sld.cu\/?s={search_term_string}"},"query-input":"required name=search_term_string"}],"inLanguage":"es"},{"@type":"Organization","@id":"https:\/\/ucmh.sld.cu\/#organization","name":"Universidad de Ciencias M\u00e9dicas de La Habana","alternateName":"UCMHabana","url":"https:\/\/ucmh.sld.cu\/","logo":{"@type":"ImageObject","inLanguage":"es","@id":"https:\/\/ucmh.sld.cu\/#\/schema\/logo\/image\/","url":"https:\/\/ucmh.sld.cu\/wp-content\/uploads\/2023\/05\/logo-universidad_1.jpg","contentUrl":"https:\/\/ucmh.sld.cu\/wp-content\/uploads\/2023\/05\/logo-universidad_1.jpg","width":710,"height":498,"caption":"Universidad de Ciencias M\u00e9dicas de La Habana"},"image":{"@id":"https:\/\/ucmh.sld.cu\/#\/schema\/logo\/image\/"},"sameAs":["https:\/\/www.facebook.com\/universidadcienciasmedicashabana","https:\/\/twitter.com\/UCMHabana","https:\/\/www.instagram.com\/ucmh_cuba","http:\/\/www.youtube.com\/@universidaddecienciasmedic6315"]}]}},"_links":{"self":[{"href":"https:\/\/ucmh.sld.cu\/index.php?rest_route=\/wp\/v2\/pages\/1229"}],"collection":[{"href":"https:\/\/ucmh.sld.cu\/index.php?rest_route=\/wp\/v2\/pages"}],"about":[{"href":"https:\/\/ucmh.sld.cu\/index.php?rest_route=\/wp\/v2\/types\/page"}],"author":[{"embeddable":true,"href":"https:\/\/ucmh.sld.cu\/index.php?rest_route=\/wp\/v2\/users\/1"}],"replies":[{"embeddable":true,"href":"https:\/\/ucmh.sld.cu\/index.php?rest_route=%2Fwp%2Fv2%2Fcomments&post=1229"}],"version-history":[{"count":16,"href":"https:\/\/ucmh.sld.cu\/index.php?rest_route=\/wp\/v2\/pages\/1229\/revisions"}],"predecessor-version":[{"id":1578,"href":"https:\/\/ucmh.sld.cu\/index.php?rest_route=\/wp\/v2\/pages\/1229\/revisions\/1578"}],"wp:attachment":[{"href":"https:\/\/ucmh.sld.cu\/index.php?rest_route=%2Fwp%2Fv2%2Fmedia&parent=1229"}],"curies":[{"name":"wp","href":"https:\/\/api.w.org\/{rel}","templated":true}]}}