{"id":1344,"date":"2023-03-09T15:18:07","date_gmt":"2023-03-09T20:18:07","guid":{"rendered":"http:\/\/ucmh.sld.cu\/?page_id=1344"},"modified":"2025-01-10T16:48:25","modified_gmt":"2025-01-10T21:48:25","slug":"estudios-academicos-autofinanciados-pregrado","status":"publish","type":"page","link":"https:\/\/ucmh.sld.cu\/?page_id=1344","title":{"rendered":"Estudios Acad\u00e9micos de Pregrado"},"content":{"rendered":"<p>[vc_row][vc_column][vc_text_separator title=&#8221;Estudios Acad\u00e9micos de Pregrado&#8221; color=&#8221;custom&#8221; style=&#8221;shadow&#8221; accent_color=&#8221;#115696&#8243;][\/vc_column][\/vc_row][vc_row][vc_column][vc_column_text]<\/p>\r\n<p>&nbsp;<\/p>\r\n<!-- \/wp:heading -->\r\n<p><!-- wp:paragraph --><span style=\"color: #115696;\">La <strong>Universidad<\/strong><strong> de Ciencias M\u00e9dicas de La Habana<\/strong>, cuenta con una experiencias de m\u00e1s de 285 a\u00f1os de formaci\u00f3n m\u00e9dica al mundo, heredera de la casi tricentenaria Universidad de La Habana. Se han formado m\u00e1s de 100 000 m\u00e9dicos en los \u00faltimos 50 a\u00f1os, tanto cubanos como procedentes de m\u00e1s de 80 pa\u00edses.<\/span> <span style=\"color: #115696;\"><!-- \/wp:paragraph --><\/span> <span style=\"color: #115696;\"><!-- wp:paragraph -->Durante 50 a\u00f1os ha estdo presente en m\u00e1s de 100 pa\u00edses, en beneficio de amplios sectores de la poblaci\u00f3n, esta UCMH ha fundado m\u00e1s de una docena de escuelas de Medicina en el mundo.<\/span> <span style=\"color: #115696;\"><!-- \/wp:paragraph --><\/span> <span style=\"color: #115696;\"><!-- wp:paragraph --><\/span><\/p>\r\n<p>[\/vc_column_text][\/vc_column][\/vc_row][vc_row][vc_column width=&#8221;1\/3&#8243;][vc_single_image image=&#8221;1324&#8243; img_size=&#8221;full&#8221; alignment=&#8221;center&#8221; style=&#8221;vc_box_shadow&#8221;][\/vc_column][vc_column width=&#8221;1\/3&#8243;][vc_single_image image=&#8221;1334&#8243; img_size=&#8221;full&#8221; alignment=&#8221;center&#8221; style=&#8221;vc_box_shadow&#8221;][\/vc_column][vc_column width=&#8221;1\/3&#8243;][vc_single_image image=&#8221;1323&#8243; img_size=&#8221;full&#8221; alignment=&#8221;center&#8221; style=&#8221;vc_box_shadow&#8221;][\/vc_column][\/vc_row][vc_row][vc_column][vc_column_text]<\/p>\r\n<h6 style=\"text-align: center;\"><span class=\"fontstyle0\"><strong>Carreras y formaciones<\/strong> <\/span><\/h6>\r\n<p>[\/vc_column_text][\/vc_column][\/vc_row][vc_row][vc_column width=&#8221;1\/3&#8243;][vc_single_image image=&#8221;1999&#8243; img_size=&#8221;full&#8221; alignment=&#8221;center&#8221; style=&#8221;vc_box_shadow&#8221;][\/vc_column][vc_column width=&#8221;1\/3&#8243;][vc_single_image image=&#8221;1998&#8243; img_size=&#8221;full&#8221; alignment=&#8221;center&#8221; style=&#8221;vc_box_shadow&#8221;][\/vc_column][vc_column width=&#8221;1\/3&#8243;][vc_single_image image=&#8221;1997&#8243; img_size=&#8221;full&#8221; alignment=&#8221;center&#8221; style=&#8221;vc_box_shadow&#8221;][\/vc_column][\/vc_row][vc_row][vc_column][vc_column_text]<\/p>\r\n<p style=\"text-align: center;\"><strong>Relaci\u00f3n de Programas Acad\u00e9micos de la Universidad de Ciencias M\u00e9dicas de La Habana con alguna condici\u00f3n de acreditaci\u00f3n de calidad por la Junta Nacional de Acreditaci\u00f3n<\/strong><\/p>\r\n<p>[\/vc_column_text][\/vc_column][\/vc_row][vc_row][vc_column width=&#8221;1\/2&#8243;][vc_single_image image=&#8221;2269&#8243; img_size=&#8221;full&#8221;][\/vc_column][vc_column width=&#8221;1\/2&#8243;][vc_single_image image=&#8221;2269&#8243; img_size=&#8221;full&#8221;][\/vc_column][\/vc_row][vc_row][vc_column][vc_single_image image=&#8221;2270&#8243; img_size=&#8221;large&#8221; alignment=&#8221;center&#8221;][\/vc_column][\/vc_row]<\/p>","protected":false},"excerpt":{"rendered":"<p>[vc_row][vc_column][vc_text_separator title=&#8221;Estudios Acad\u00e9micos de Pregrado&#8221; color=&#8221;custom&#8221; style=&#8221;shadow&#8221; accent_color=&#8221;#115696&#8243;][\/vc_column][\/vc_row][vc_row][vc_column][vc_column_text] &nbsp; La Universidad de Ciencias M\u00e9dicas de La Habana, cuenta con una experiencias de m\u00e1s de 285 a\u00f1os de formaci\u00f3n m\u00e9dica al mundo, heredera de la casi tricentenaria Universidad de La Habana. Se han formado m\u00e1s de 100 000 m\u00e9dicos en los \u00faltimos 50 a\u00f1os, tanto cubanos [&hellip;]<\/p>\n","protected":false},"author":1,"featured_media":0,"parent":0,"menu_order":0,"comment_status":"closed","ping_status":"closed","template":"fullwidth-template.php","meta":{"_lmt_disableupdate":"no","_lmt_disable":"no"},"yoast_head":"<!-- This site is optimized with the Yoast SEO plugin v20.7 - https:\/\/yoast.com\/wordpress\/plugins\/seo\/ -->\n<title>Estudios Acad\u00e9micos de Pregrado - UCMHabana<\/title>\n<meta name=\"robots\" content=\"index, follow, max-snippet:-1, max-image-preview:large, max-video-preview:-1\" \/>\n<link rel=\"canonical\" href=\"https:\/\/ucmh.sld.cu\/?page_id=1344\" \/>\n<meta property=\"og:locale\" content=\"es_ES\" \/>\n<meta property=\"og:type\" content=\"article\" \/>\n<meta property=\"og:title\" content=\"Estudios Acad\u00e9micos de Pregrado - UCMHabana\" \/>\n<meta property=\"og:description\" content=\"[vc_row][vc_column][vc_text_separator title=&#8221;Estudios Acad\u00e9micos de Pregrado&#8221; color=&#8221;custom&#8221; style=&#8221;shadow&#8221; accent_color=&#8221;#115696&#8243;][\/vc_column][\/vc_row][vc_row][vc_column][vc_column_text] &nbsp; La Universidad de Ciencias M\u00e9dicas de La Habana, cuenta con una experiencias de m\u00e1s de 285 a\u00f1os de formaci\u00f3n m\u00e9dica al mundo, heredera de la casi tricentenaria Universidad de La Habana. Se han formado m\u00e1s de 100 000 m\u00e9dicos en los \u00faltimos 50 a\u00f1os, tanto cubanos [&hellip;]\" \/>\n<meta property=\"og:url\" content=\"https:\/\/ucmh.sld.cu\/?page_id=1344\" \/>\n<meta property=\"og:site_name\" content=\"UCMHabana\" \/>\n<meta property=\"article:publisher\" content=\"https:\/\/www.facebook.com\/universidadcienciasmedicashabana\" \/>\n<meta property=\"article:modified_time\" content=\"2025-01-10T21:48:25+00:00\" \/>\n<meta property=\"og:image\" content=\"https:\/\/ucmh.sld.cu\/wp-content\/uploads\/2022\/06\/LOGO-IMAGEN-TEXTO-CONSOMBRA-PNG.png\" \/>\n\t<meta property=\"og:image:width\" content=\"450\" \/>\n\t<meta property=\"og:image:height\" content=\"135\" \/>\n\t<meta property=\"og:image:type\" content=\"image\/png\" \/>\n<meta name=\"twitter:card\" content=\"summary_large_image\" \/>\n<meta name=\"twitter:site\" content=\"@UCMHabana\" \/>\n<meta name=\"twitter:label1\" content=\"Est. reading time\" \/>\n\t<meta name=\"twitter:data1\" content=\"1 minuto\" \/>\n<script type=\"application\/ld+json\" class=\"yoast-schema-graph\">{\"@context\":\"https:\/\/schema.org\",\"@graph\":[{\"@type\":\"WebPage\",\"@id\":\"https:\/\/ucmh.sld.cu\/?page_id=1344\",\"url\":\"https:\/\/ucmh.sld.cu\/?page_id=1344\",\"name\":\"Estudios Acad\u00e9micos de Pregrado - UCMHabana\",\"isPartOf\":{\"@id\":\"https:\/\/ucmh.sld.cu\/#website\"},\"datePublished\":\"2023-03-09T20:18:07+00:00\",\"dateModified\":\"2025-01-10T21:48:25+00:00\",\"breadcrumb\":{\"@id\":\"https:\/\/ucmh.sld.cu\/?page_id=1344#breadcrumb\"},\"inLanguage\":\"es\",\"potentialAction\":[{\"@type\":\"ReadAction\",\"target\":[\"https:\/\/ucmh.sld.cu\/?page_id=1344\"]}]},{\"@type\":\"BreadcrumbList\",\"@id\":\"https:\/\/ucmh.sld.cu\/?page_id=1344#breadcrumb\",\"itemListElement\":[{\"@type\":\"ListItem\",\"position\":1,\"name\":\"Home\",\"item\":\"https:\/\/ucmh.sld.cu\/\"},{\"@type\":\"ListItem\",\"position\":2,\"name\":\"Estudios Acad\u00e9micos de Pregrado\"}]},{\"@type\":\"WebSite\",\"@id\":\"https:\/\/ucmh.sld.cu\/#website\",\"url\":\"https:\/\/ucmh.sld.cu\/\",\"name\":\"UCMHabana\",\"description\":\"Por una universidad de excelencia\",\"publisher\":{\"@id\":\"https:\/\/ucmh.sld.cu\/#organization\"},\"alternateName\":\"Universidad de Ciencias M\u00e9dicas de La Habana\",\"potentialAction\":[{\"@type\":\"SearchAction\",\"target\":{\"@type\":\"EntryPoint\",\"urlTemplate\":\"https:\/\/ucmh.sld.cu\/?s={search_term_string}\"},\"query-input\":\"required name=search_term_string\"}],\"inLanguage\":\"es\"},{\"@type\":\"Organization\",\"@id\":\"https:\/\/ucmh.sld.cu\/#organization\",\"name\":\"Universidad de Ciencias M\u00e9dicas de La Habana\",\"alternateName\":\"UCMHabana\",\"url\":\"https:\/\/ucmh.sld.cu\/\",\"logo\":{\"@type\":\"ImageObject\",\"inLanguage\":\"es\",\"@id\":\"https:\/\/ucmh.sld.cu\/#\/schema\/logo\/image\/\",\"url\":\"https:\/\/ucmh.sld.cu\/wp-content\/uploads\/2023\/05\/logo-universidad_1.jpg\",\"contentUrl\":\"https:\/\/ucmh.sld.cu\/wp-content\/uploads\/2023\/05\/logo-universidad_1.jpg\",\"width\":710,\"height\":498,\"caption\":\"Universidad de Ciencias M\u00e9dicas de La Habana\"},\"image\":{\"@id\":\"https:\/\/ucmh.sld.cu\/#\/schema\/logo\/image\/\"},\"sameAs\":[\"https:\/\/www.facebook.com\/universidadcienciasmedicashabana\",\"https:\/\/twitter.com\/UCMHabana\",\"https:\/\/www.instagram.com\/ucmh_cuba\",\"http:\/\/www.youtube.com\/@universidaddecienciasmedic6315\"]}]}<\/script>\n<!-- \/ Yoast SEO plugin. -->","yoast_head_json":{"title":"Estudios Acad\u00e9micos de Pregrado - UCMHabana","robots":{"index":"index","follow":"follow","max-snippet":"max-snippet:-1","max-image-preview":"max-image-preview:large","max-video-preview":"max-video-preview:-1"},"canonical":"https:\/\/ucmh.sld.cu\/?page_id=1344","og_locale":"es_ES","og_type":"article","og_title":"Estudios Acad\u00e9micos de Pregrado - UCMHabana","og_description":"[vc_row][vc_column][vc_text_separator title=&#8221;Estudios Acad\u00e9micos de Pregrado&#8221; color=&#8221;custom&#8221; style=&#8221;shadow&#8221; accent_color=&#8221;#115696&#8243;][\/vc_column][\/vc_row][vc_row][vc_column][vc_column_text] &nbsp; La Universidad de Ciencias M\u00e9dicas de La Habana, cuenta con una experiencias de m\u00e1s de 285 a\u00f1os de formaci\u00f3n m\u00e9dica al mundo, heredera de la casi tricentenaria Universidad de La Habana. Se han formado m\u00e1s de 100 000 m\u00e9dicos en los \u00faltimos 50 a\u00f1os, tanto cubanos [&hellip;]","og_url":"https:\/\/ucmh.sld.cu\/?page_id=1344","og_site_name":"UCMHabana","article_publisher":"https:\/\/www.facebook.com\/universidadcienciasmedicashabana","article_modified_time":"2025-01-10T21:48:25+00:00","og_image":[{"width":450,"height":135,"url":"https:\/\/ucmh.sld.cu\/wp-content\/uploads\/2022\/06\/LOGO-IMAGEN-TEXTO-CONSOMBRA-PNG.png","type":"image\/png"}],"twitter_card":"summary_large_image","twitter_site":"@UCMHabana","twitter_misc":{"Est. reading time":"1 minuto"},"schema":{"@context":"https:\/\/schema.org","@graph":[{"@type":"WebPage","@id":"https:\/\/ucmh.sld.cu\/?page_id=1344","url":"https:\/\/ucmh.sld.cu\/?page_id=1344","name":"Estudios Acad\u00e9micos de Pregrado - UCMHabana","isPartOf":{"@id":"https:\/\/ucmh.sld.cu\/#website"},"datePublished":"2023-03-09T20:18:07+00:00","dateModified":"2025-01-10T21:48:25+00:00","breadcrumb":{"@id":"https:\/\/ucmh.sld.cu\/?page_id=1344#breadcrumb"},"inLanguage":"es","potentialAction":[{"@type":"ReadAction","target":["https:\/\/ucmh.sld.cu\/?page_id=1344"]}]},{"@type":"BreadcrumbList","@id":"https:\/\/ucmh.sld.cu\/?page_id=1344#breadcrumb","itemListElement":[{"@type":"ListItem","position":1,"name":"Home","item":"https:\/\/ucmh.sld.cu\/"},{"@type":"ListItem","position":2,"name":"Estudios Acad\u00e9micos de Pregrado"}]},{"@type":"WebSite","@id":"https:\/\/ucmh.sld.cu\/#website","url":"https:\/\/ucmh.sld.cu\/","name":"UCMHabana","description":"Por una universidad de excelencia","publisher":{"@id":"https:\/\/ucmh.sld.cu\/#organization"},"alternateName":"Universidad de Ciencias M\u00e9dicas de La Habana","potentialAction":[{"@type":"SearchAction","target":{"@type":"EntryPoint","urlTemplate":"https:\/\/ucmh.sld.cu\/?s={search_term_string}"},"query-input":"required name=search_term_string"}],"inLanguage":"es"},{"@type":"Organization","@id":"https:\/\/ucmh.sld.cu\/#organization","name":"Universidad de Ciencias M\u00e9dicas de La Habana","alternateName":"UCMHabana","url":"https:\/\/ucmh.sld.cu\/","logo":{"@type":"ImageObject","inLanguage":"es","@id":"https:\/\/ucmh.sld.cu\/#\/schema\/logo\/image\/","url":"https:\/\/ucmh.sld.cu\/wp-content\/uploads\/2023\/05\/logo-universidad_1.jpg","contentUrl":"https:\/\/ucmh.sld.cu\/wp-content\/uploads\/2023\/05\/logo-universidad_1.jpg","width":710,"height":498,"caption":"Universidad de Ciencias M\u00e9dicas de La Habana"},"image":{"@id":"https:\/\/ucmh.sld.cu\/#\/schema\/logo\/image\/"},"sameAs":["https:\/\/www.facebook.com\/universidadcienciasmedicashabana","https:\/\/twitter.com\/UCMHabana","https:\/\/www.instagram.com\/ucmh_cuba","http:\/\/www.youtube.com\/@universidaddecienciasmedic6315"]}]}},"_links":{"self":[{"href":"https:\/\/ucmh.sld.cu\/index.php?rest_route=\/wp\/v2\/pages\/1344"}],"collection":[{"href":"https:\/\/ucmh.sld.cu\/index.php?rest_route=\/wp\/v2\/pages"}],"about":[{"href":"https:\/\/ucmh.sld.cu\/index.php?rest_route=\/wp\/v2\/types\/page"}],"author":[{"embeddable":true,"href":"https:\/\/ucmh.sld.cu\/index.php?rest_route=\/wp\/v2\/users\/1"}],"replies":[{"embeddable":true,"href":"https:\/\/ucmh.sld.cu\/index.php?rest_route=%2Fwp%2Fv2%2Fcomments&post=1344"}],"version-history":[{"count":39,"href":"https:\/\/ucmh.sld.cu\/index.php?rest_route=\/wp\/v2\/pages\/1344\/revisions"}],"predecessor-version":[{"id":2278,"href":"https:\/\/ucmh.sld.cu\/index.php?rest_route=\/wp\/v2\/pages\/1344\/revisions\/2278"}],"wp:attachment":[{"href":"https:\/\/ucmh.sld.cu\/index.php?rest_route=%2Fwp%2Fv2%2Fmedia&parent=1344"}],"curies":[{"name":"wp","href":"https:\/\/api.w.org\/{rel}","templated":true}]}}