{"id":2460,"date":"2025-04-28T12:15:58","date_gmt":"2025-04-28T16:15:58","guid":{"rendered":"https:\/\/ucmh.sld.cu\/?page_id=2460"},"modified":"2025-04-28T14:25:57","modified_gmt":"2025-04-28T18:25:57","slug":"noticias-relevantes","status":"publish","type":"page","link":"https:\/\/ucmh.sld.cu\/?page_id=2460","title":{"rendered":"Noticias Relevantes"},"content":{"rendered":"[vc_row][vc_column][vc_text_separator title=&#8221;HIST\u00d3RICO&#8221; color=&#8221;custom&#8221; style=&#8221;shadow&#8221; border_width=&#8221;2&#8243;][vc_column_text]\r\n<h4 style=\"text-align: center;\">Centro de Cirug\u00eda Experimental del\r\nInstituto de Ciencias B\u00e1sicas y Precl\u00ednicas &#8220;Victoria de\r\nGir\u00f3n&#8221;<\/h4>\r\n[\/vc_column_text][vc_single_image image=&#8221;2475&#8243; img_size=&#8221;FULL&#8221;][\/vc_column][\/vc_row][vc_row][vc_column][vc_column_text]\r\n<h3 style=\"text-align: center;\"><\/h3>\r\nEn 1969, se le asign\u00f3 al Dr. Jos\u00e9 A. Presno Albarr\u00e1n, gloria de la Cirug\u00eda cubana, la\r\ntarea de realizar un estudio para crear un Departamento de Trasplante de tejidos y\r\n\u00f3rganos en la Facultad de Ciencias M\u00e9dicas de la Universidad de La Habana. El\r\nProfesor Presno entreg\u00f3 un informe exhaustivo de lo que deb\u00eda ser ese\r\nDepartamento, en el que inclu\u00eda: necesidad de personal, equipamiento y\r\nconstrucciones, y en el cual se especificaban claramente los objetivos por lo que se\r\npropon\u00eda su creaci\u00f3n. Desafortunadamente, este proyecto qued\u00f3 paralizado por\r\ndiversas circunstancias y no es hasta el 24 de marzo de 1972 en que siendo Decano\r\nde la Facultad de Ciencias M\u00e9dicas, el Profesor Dr. Eugenio Selman- Houssein, en\r\nsu Consejo de Direcci\u00f3n, crean en aquel entonces, el nombrado DEPARTAMENTO DE\r\nTRASPLANTE Y CIRUG\u00cdA EXPERIMENTAL, y se designar\u00eda su direcci\u00f3n al prestigioso\r\ncirujano cardiovascular y Profesor Titular, Dr. Roberto Guerra Vald\u00e9s.[\/vc_column_text][vc_column_text]<!--more--><a href=\"https:\/\/ucmh.sld.cu\/wp-content\/uploads\/2025\/04\/LEER-MAS.pdf\"><strong>LEER M\u00c1S<\/strong><\/a>[\/vc_column_text][\/vc_column][\/vc_row]","protected":false},"excerpt":{"rendered":"<p>[vc_row][vc_column][vc_text_separator title=&#8221;HIST\u00d3RICO&#8221; color=&#8221;custom&#8221; style=&#8221;shadow&#8221; border_width=&#8221;2&#8243;][vc_column_text] Centro de Cirug\u00eda Experimental del Instituto de Ciencias B\u00e1sicas y Precl\u00ednicas &#8220;Victoria de Gir\u00f3n&#8221; [\/vc_column_text][vc_single_image image=&#8221;2475&#8243; img_size=&#8221;FULL&#8221;][\/vc_column][\/vc_row][vc_row][vc_column][vc_column_text] En 1969, se le asign\u00f3 al Dr. Jos\u00e9 A. Presno Albarr\u00e1n, gloria de la Cirug\u00eda cubana, la tarea de realizar un estudio para crear un Departamento de Trasplante de tejidos y \u00f3rganos en [&hellip;]<\/p>\n","protected":false},"author":1,"featured_media":0,"parent":0,"menu_order":0,"comment_status":"closed","ping_status":"closed","template":"","meta":{"_lmt_disableupdate":"no","_lmt_disable":"no"},"yoast_head":"<!-- This site is optimized with the Yoast SEO plugin v20.7 - https:\/\/yoast.com\/wordpress\/plugins\/seo\/ -->\n<title>Noticias Relevantes - UCMHabana<\/title>\n<meta name=\"robots\" content=\"index, follow, max-snippet:-1, max-image-preview:large, max-video-preview:-1\" \/>\n<link rel=\"canonical\" href=\"https:\/\/ucmh.sld.cu\/?page_id=2460\" \/>\n<meta property=\"og:locale\" content=\"es_ES\" \/>\n<meta property=\"og:type\" content=\"article\" \/>\n<meta property=\"og:title\" content=\"Noticias Relevantes - UCMHabana\" \/>\n<meta property=\"og:description\" content=\"[vc_row][vc_column][vc_text_separator title=&#8221;HIST\u00d3RICO&#8221; color=&#8221;custom&#8221; style=&#8221;shadow&#8221; border_width=&#8221;2&#8243;][vc_column_text] Centro de Cirug\u00eda Experimental del Instituto de Ciencias B\u00e1sicas y Precl\u00ednicas &#8220;Victoria de Gir\u00f3n&#8221; [\/vc_column_text][vc_single_image image=&#8221;2475&#8243; img_size=&#8221;FULL&#8221;][\/vc_column][\/vc_row][vc_row][vc_column][vc_column_text] En 1969, se le asign\u00f3 al Dr. Jos\u00e9 A. Presno Albarr\u00e1n, gloria de la Cirug\u00eda cubana, la tarea de realizar un estudio para crear un Departamento de Trasplante de tejidos y \u00f3rganos en [&hellip;]\" \/>\n<meta property=\"og:url\" content=\"https:\/\/ucmh.sld.cu\/?page_id=2460\" \/>\n<meta property=\"og:site_name\" content=\"UCMHabana\" \/>\n<meta property=\"article:publisher\" content=\"https:\/\/www.facebook.com\/universidadcienciasmedicashabana\" \/>\n<meta property=\"article:modified_time\" content=\"2025-04-28T18:25:57+00:00\" \/>\n<meta property=\"og:image\" content=\"https:\/\/ucmh.sld.cu\/wp-content\/uploads\/2022\/06\/LOGO-IMAGEN-TEXTO-CONSOMBRA-PNG.png\" \/>\n\t<meta property=\"og:image:width\" content=\"450\" \/>\n\t<meta property=\"og:image:height\" content=\"135\" \/>\n\t<meta property=\"og:image:type\" content=\"image\/png\" \/>\n<meta name=\"twitter:card\" content=\"summary_large_image\" \/>\n<meta name=\"twitter:site\" content=\"@UCMHabana\" \/>\n<meta name=\"twitter:label1\" content=\"Est. reading time\" \/>\n\t<meta name=\"twitter:data1\" content=\"1 minuto\" \/>\n<script type=\"application\/ld+json\" class=\"yoast-schema-graph\">{\"@context\":\"https:\/\/schema.org\",\"@graph\":[{\"@type\":\"WebPage\",\"@id\":\"https:\/\/ucmh.sld.cu\/?page_id=2460\",\"url\":\"https:\/\/ucmh.sld.cu\/?page_id=2460\",\"name\":\"Noticias Relevantes - UCMHabana\",\"isPartOf\":{\"@id\":\"https:\/\/ucmh.sld.cu\/#website\"},\"datePublished\":\"2025-04-28T16:15:58+00:00\",\"dateModified\":\"2025-04-28T18:25:57+00:00\",\"breadcrumb\":{\"@id\":\"https:\/\/ucmh.sld.cu\/?page_id=2460#breadcrumb\"},\"inLanguage\":\"es\",\"potentialAction\":[{\"@type\":\"ReadAction\",\"target\":[\"https:\/\/ucmh.sld.cu\/?page_id=2460\"]}]},{\"@type\":\"BreadcrumbList\",\"@id\":\"https:\/\/ucmh.sld.cu\/?page_id=2460#breadcrumb\",\"itemListElement\":[{\"@type\":\"ListItem\",\"position\":1,\"name\":\"Home\",\"item\":\"https:\/\/ucmh.sld.cu\/\"},{\"@type\":\"ListItem\",\"position\":2,\"name\":\"Noticias Relevantes\"}]},{\"@type\":\"WebSite\",\"@id\":\"https:\/\/ucmh.sld.cu\/#website\",\"url\":\"https:\/\/ucmh.sld.cu\/\",\"name\":\"UCMHabana\",\"description\":\"Por una universidad de excelencia\",\"publisher\":{\"@id\":\"https:\/\/ucmh.sld.cu\/#organization\"},\"alternateName\":\"Universidad de Ciencias M\u00e9dicas de La Habana\",\"potentialAction\":[{\"@type\":\"SearchAction\",\"target\":{\"@type\":\"EntryPoint\",\"urlTemplate\":\"https:\/\/ucmh.sld.cu\/?s={search_term_string}\"},\"query-input\":\"required name=search_term_string\"}],\"inLanguage\":\"es\"},{\"@type\":\"Organization\",\"@id\":\"https:\/\/ucmh.sld.cu\/#organization\",\"name\":\"Universidad de Ciencias M\u00e9dicas de La Habana\",\"alternateName\":\"UCMHabana\",\"url\":\"https:\/\/ucmh.sld.cu\/\",\"logo\":{\"@type\":\"ImageObject\",\"inLanguage\":\"es\",\"@id\":\"https:\/\/ucmh.sld.cu\/#\/schema\/logo\/image\/\",\"url\":\"https:\/\/ucmh.sld.cu\/wp-content\/uploads\/2023\/05\/logo-universidad_1.jpg\",\"contentUrl\":\"https:\/\/ucmh.sld.cu\/wp-content\/uploads\/2023\/05\/logo-universidad_1.jpg\",\"width\":710,\"height\":498,\"caption\":\"Universidad de Ciencias M\u00e9dicas de La Habana\"},\"image\":{\"@id\":\"https:\/\/ucmh.sld.cu\/#\/schema\/logo\/image\/\"},\"sameAs\":[\"https:\/\/www.facebook.com\/universidadcienciasmedicashabana\",\"https:\/\/twitter.com\/UCMHabana\",\"https:\/\/www.instagram.com\/ucmh_cuba\",\"http:\/\/www.youtube.com\/@universidaddecienciasmedic6315\"]}]}<\/script>\n<!-- \/ Yoast SEO plugin. -->","yoast_head_json":{"title":"Noticias Relevantes - UCMHabana","robots":{"index":"index","follow":"follow","max-snippet":"max-snippet:-1","max-image-preview":"max-image-preview:large","max-video-preview":"max-video-preview:-1"},"canonical":"https:\/\/ucmh.sld.cu\/?page_id=2460","og_locale":"es_ES","og_type":"article","og_title":"Noticias Relevantes - UCMHabana","og_description":"[vc_row][vc_column][vc_text_separator title=&#8221;HIST\u00d3RICO&#8221; color=&#8221;custom&#8221; style=&#8221;shadow&#8221; border_width=&#8221;2&#8243;][vc_column_text] Centro de Cirug\u00eda Experimental del Instituto de Ciencias B\u00e1sicas y Precl\u00ednicas &#8220;Victoria de Gir\u00f3n&#8221; [\/vc_column_text][vc_single_image image=&#8221;2475&#8243; img_size=&#8221;FULL&#8221;][\/vc_column][\/vc_row][vc_row][vc_column][vc_column_text] En 1969, se le asign\u00f3 al Dr. Jos\u00e9 A. Presno Albarr\u00e1n, gloria de la Cirug\u00eda cubana, la tarea de realizar un estudio para crear un Departamento de Trasplante de tejidos y \u00f3rganos en [&hellip;]","og_url":"https:\/\/ucmh.sld.cu\/?page_id=2460","og_site_name":"UCMHabana","article_publisher":"https:\/\/www.facebook.com\/universidadcienciasmedicashabana","article_modified_time":"2025-04-28T18:25:57+00:00","og_image":[{"width":450,"height":135,"url":"https:\/\/ucmh.sld.cu\/wp-content\/uploads\/2022\/06\/LOGO-IMAGEN-TEXTO-CONSOMBRA-PNG.png","type":"image\/png"}],"twitter_card":"summary_large_image","twitter_site":"@UCMHabana","twitter_misc":{"Est. reading time":"1 minuto"},"schema":{"@context":"https:\/\/schema.org","@graph":[{"@type":"WebPage","@id":"https:\/\/ucmh.sld.cu\/?page_id=2460","url":"https:\/\/ucmh.sld.cu\/?page_id=2460","name":"Noticias Relevantes - UCMHabana","isPartOf":{"@id":"https:\/\/ucmh.sld.cu\/#website"},"datePublished":"2025-04-28T16:15:58+00:00","dateModified":"2025-04-28T18:25:57+00:00","breadcrumb":{"@id":"https:\/\/ucmh.sld.cu\/?page_id=2460#breadcrumb"},"inLanguage":"es","potentialAction":[{"@type":"ReadAction","target":["https:\/\/ucmh.sld.cu\/?page_id=2460"]}]},{"@type":"BreadcrumbList","@id":"https:\/\/ucmh.sld.cu\/?page_id=2460#breadcrumb","itemListElement":[{"@type":"ListItem","position":1,"name":"Home","item":"https:\/\/ucmh.sld.cu\/"},{"@type":"ListItem","position":2,"name":"Noticias Relevantes"}]},{"@type":"WebSite","@id":"https:\/\/ucmh.sld.cu\/#website","url":"https:\/\/ucmh.sld.cu\/","name":"UCMHabana","description":"Por una universidad de excelencia","publisher":{"@id":"https:\/\/ucmh.sld.cu\/#organization"},"alternateName":"Universidad de Ciencias M\u00e9dicas de La Habana","potentialAction":[{"@type":"SearchAction","target":{"@type":"EntryPoint","urlTemplate":"https:\/\/ucmh.sld.cu\/?s={search_term_string}"},"query-input":"required name=search_term_string"}],"inLanguage":"es"},{"@type":"Organization","@id":"https:\/\/ucmh.sld.cu\/#organization","name":"Universidad de Ciencias M\u00e9dicas de La Habana","alternateName":"UCMHabana","url":"https:\/\/ucmh.sld.cu\/","logo":{"@type":"ImageObject","inLanguage":"es","@id":"https:\/\/ucmh.sld.cu\/#\/schema\/logo\/image\/","url":"https:\/\/ucmh.sld.cu\/wp-content\/uploads\/2023\/05\/logo-universidad_1.jpg","contentUrl":"https:\/\/ucmh.sld.cu\/wp-content\/uploads\/2023\/05\/logo-universidad_1.jpg","width":710,"height":498,"caption":"Universidad de Ciencias M\u00e9dicas de La Habana"},"image":{"@id":"https:\/\/ucmh.sld.cu\/#\/schema\/logo\/image\/"},"sameAs":["https:\/\/www.facebook.com\/universidadcienciasmedicashabana","https:\/\/twitter.com\/UCMHabana","https:\/\/www.instagram.com\/ucmh_cuba","http:\/\/www.youtube.com\/@universidaddecienciasmedic6315"]}]}},"_links":{"self":[{"href":"https:\/\/ucmh.sld.cu\/index.php?rest_route=\/wp\/v2\/pages\/2460"}],"collection":[{"href":"https:\/\/ucmh.sld.cu\/index.php?rest_route=\/wp\/v2\/pages"}],"about":[{"href":"https:\/\/ucmh.sld.cu\/index.php?rest_route=\/wp\/v2\/types\/page"}],"author":[{"embeddable":true,"href":"https:\/\/ucmh.sld.cu\/index.php?rest_route=\/wp\/v2\/users\/1"}],"replies":[{"embeddable":true,"href":"https:\/\/ucmh.sld.cu\/index.php?rest_route=%2Fwp%2Fv2%2Fcomments&post=2460"}],"version-history":[{"count":6,"href":"https:\/\/ucmh.sld.cu\/index.php?rest_route=\/wp\/v2\/pages\/2460\/revisions"}],"predecessor-version":[{"id":2476,"href":"https:\/\/ucmh.sld.cu\/index.php?rest_route=\/wp\/v2\/pages\/2460\/revisions\/2476"}],"wp:attachment":[{"href":"https:\/\/ucmh.sld.cu\/index.php?rest_route=%2Fwp%2Fv2%2Fmedia&parent=2460"}],"curies":[{"name":"wp","href":"https:\/\/api.w.org\/{rel}","templated":true}]}}