{"id":88,"date":"2022-06-16T13:43:33","date_gmt":"2022-06-16T18:43:33","guid":{"rendered":"http:\/\/ucmh.sld.cu\/?page_id=88"},"modified":"2025-09-03T14:25:10","modified_gmt":"2025-09-03T18:25:10","slug":"mision","status":"publish","type":"page","link":"https:\/\/ucmh.sld.cu\/?page_id=88","title":{"rendered":"Misi\u00f3n"},"content":{"rendered":"<p>[vc_row][vc_column][vc_text_separator title=&#8221;Misi\u00f3n&#8221; color=&#8221;custom&#8221; style=&#8221;shadow&#8221; accent_color=&#8221;#115696&#8243;][\/vc_column][\/vc_row][vc_row][vc_column width=&#8221;1\/2&#8243;][vc_column_text]<\/p>\r\n<p><img decoding=\"async\" loading=\"lazy\" class=\"alignleft\" src=\"https:\/\/ucmh.sld.cu\/wp-content\/uploads\/2024\/05\/perfiles-de-FATESA-1-300x226.jpg\" alt=\"\" width=\"579\" height=\"436\" \/><\/p>\r\n<p>[\/vc_column_text][\/vc_column][vc_column width=&#8221;1\/2&#8243;][vc_column_text]<\/p>\r\n<p><span style=\"color: #065496;\">Formar integralmente profesionales revolucionarios en Ciencias de la Salud, producir conocimientos, tecnolog\u00edas e innovaciones tecnol\u00f3gicas, desarrollar la extensi\u00f3n universitaria y ejercer la rector\u00eda metodol\u00f3gica de planes y programas de estudios de las carreras y especialidades de postgrado que desarrolla con el prop\u00f3sito de contribuir en los escenarios docentes a la formaci\u00f3n integral de recursos humanos comprometidos con la Revoluci\u00f3n.<\/span><\/p>\r\n\r\n<p class=\"has-text-align-left\"><\/p>\r\n<p>\u00a0<\/p>\r\n<p class=\"is-layout-flex wp-container-1\">[\/vc_column_text][\/vc_column][\/vc_row][vc_row][vc_column][vc_text_separator title=&#8221;Visi\u00f3n&#8221; color=&#8221;custom&#8221; style=&#8221;shadow&#8221; accent_color=&#8221;#115696&#8243;][\/vc_column][\/vc_row][vc_row][vc_column width=&#8221;1\/2&#8243;][vc_column_text]<\/p>\r\n<p><span style=\"color: #065496;\">Universidad de Excelencia que forma recursos humanos con altos est\u00e1ndares de calidad en ciencias de la salud, que respondan al paradigma Cl\u00ednico-Epidemiol\u00f3gico-Social, con una proyecci\u00f3n ambientalista y humanista, orientados a la transformaci\u00f3n integral de la sociedad, al producir conocimientos, tecnolog\u00edas e innovaciones tecnol\u00f3gicas dirigidas al desarrollo local de las comunidades, desde una extensi\u00f3n universitaria comprometida con el proyecto socio-econ\u00f3mico del pa\u00eds; que posee liderazgo en el \u00e1mbito nacional y de referencia internacional, para las tendencias de planes y programas de estudio en el \u00e1mbito de la salud, que fomenta y ejecuta procesos de formaci\u00f3n, investigaci\u00f3n y extensi\u00f3n desde una concepci\u00f3n hol\u00edstica, reconocida por las comunidades universitarias y avalada en su gesti\u00f3n por entes nacionales e internacionales.<\/span><\/p>\r\n<p>[\/vc_column_text][\/vc_column][vc_column width=&#8221;1\/2&#8243;][vc_column_text]<\/p>\r\n<p><img decoding=\"async\" loading=\"lazy\" class=\"alignnone wp-image-2490\" src=\"https:\/\/ucmh.sld.cu\/wp-content\/uploads\/2025\/09\/13-1024x768-1-300x225.jpeg\" alt=\"\" width=\"440\" height=\"330\" srcset=\"https:\/\/ucmh.sld.cu\/wp-content\/uploads\/2025\/09\/13-1024x768-1-300x225.jpeg 300w, https:\/\/ucmh.sld.cu\/wp-content\/uploads\/2025\/09\/13-1024x768-1-768x576.jpeg 768w, https:\/\/ucmh.sld.cu\/wp-content\/uploads\/2025\/09\/13-1024x768-1.jpeg 1024w\" sizes=\"(max-width: 440px) 100vw, 440px\" \/><\/p>\r\n<p>[\/vc_column_text][\/vc_column][\/vc_row]<\/p>","protected":false},"excerpt":{"rendered":"<p>[vc_row][vc_column][vc_text_separator title=&#8221;Misi\u00f3n&#8221; color=&#8221;custom&#8221; style=&#8221;shadow&#8221; accent_color=&#8221;#115696&#8243;][\/vc_column][\/vc_row][vc_row][vc_column width=&#8221;1\/2&#8243;][vc_column_text] [\/vc_column_text][\/vc_column][vc_column width=&#8221;1\/2&#8243;][vc_column_text] Formar integralmente profesionales revolucionarios en Ciencias de la Salud, producir conocimientos, tecnolog\u00edas e innovaciones tecnol\u00f3gicas, desarrollar la extensi\u00f3n universitaria y ejercer la rector\u00eda metodol\u00f3gica de planes y programas de estudios de las carreras y especialidades de postgrado que desarrolla con el prop\u00f3sito de contribuir en los escenarios [&hellip;]<\/p>\n","protected":false},"author":1,"featured_media":0,"parent":0,"menu_order":0,"comment_status":"closed","ping_status":"closed","template":"fullwidth-template.php","meta":{"_lmt_disableupdate":"no","_lmt_disable":"no"},"yoast_head":"<!-- This site is optimized with the Yoast SEO plugin v20.7 - https:\/\/yoast.com\/wordpress\/plugins\/seo\/ -->\n<title>Misi\u00f3n - UCMHabana<\/title>\n<meta name=\"robots\" content=\"index, follow, max-snippet:-1, max-image-preview:large, max-video-preview:-1\" \/>\n<link rel=\"canonical\" href=\"https:\/\/ucmh.sld.cu\/?page_id=88\" \/>\n<meta property=\"og:locale\" content=\"es_ES\" \/>\n<meta property=\"og:type\" content=\"article\" \/>\n<meta property=\"og:title\" content=\"Misi\u00f3n - UCMHabana\" \/>\n<meta property=\"og:description\" content=\"[vc_row][vc_column][vc_text_separator title=&#8221;Misi\u00f3n&#8221; color=&#8221;custom&#8221; style=&#8221;shadow&#8221; accent_color=&#8221;#115696&#8243;][\/vc_column][\/vc_row][vc_row][vc_column width=&#8221;1\/2&#8243;][vc_column_text] [\/vc_column_text][\/vc_column][vc_column width=&#8221;1\/2&#8243;][vc_column_text] Formar integralmente profesionales revolucionarios en Ciencias de la Salud, producir conocimientos, tecnolog\u00edas e innovaciones tecnol\u00f3gicas, desarrollar la extensi\u00f3n universitaria y ejercer la rector\u00eda metodol\u00f3gica de planes y programas de estudios de las carreras y especialidades de postgrado que desarrolla con el prop\u00f3sito de contribuir en los escenarios [&hellip;]\" \/>\n<meta property=\"og:url\" content=\"https:\/\/ucmh.sld.cu\/?page_id=88\" \/>\n<meta property=\"og:site_name\" content=\"UCMHabana\" \/>\n<meta property=\"article:publisher\" content=\"https:\/\/www.facebook.com\/universidadcienciasmedicashabana\" \/>\n<meta property=\"article:modified_time\" content=\"2025-09-03T18:25:10+00:00\" \/>\n<meta property=\"og:image\" content=\"https:\/\/ucmh.sld.cu\/wp-content\/uploads\/2024\/05\/perfiles-de-FATESA-1-300x226.jpg\" \/>\n<meta name=\"twitter:card\" content=\"summary_large_image\" \/>\n<meta name=\"twitter:site\" content=\"@UCMHabana\" \/>\n<meta name=\"twitter:label1\" content=\"Est. reading time\" \/>\n\t<meta name=\"twitter:data1\" content=\"2 minutos\" \/>\n<script type=\"application\/ld+json\" class=\"yoast-schema-graph\">{\"@context\":\"https:\/\/schema.org\",\"@graph\":[{\"@type\":\"WebPage\",\"@id\":\"https:\/\/ucmh.sld.cu\/?page_id=88\",\"url\":\"https:\/\/ucmh.sld.cu\/?page_id=88\",\"name\":\"Misi\u00f3n - UCMHabana\",\"isPartOf\":{\"@id\":\"https:\/\/ucmh.sld.cu\/#website\"},\"datePublished\":\"2022-06-16T18:43:33+00:00\",\"dateModified\":\"2025-09-03T18:25:10+00:00\",\"breadcrumb\":{\"@id\":\"https:\/\/ucmh.sld.cu\/?page_id=88#breadcrumb\"},\"inLanguage\":\"es\",\"potentialAction\":[{\"@type\":\"ReadAction\",\"target\":[\"https:\/\/ucmh.sld.cu\/?page_id=88\"]}]},{\"@type\":\"BreadcrumbList\",\"@id\":\"https:\/\/ucmh.sld.cu\/?page_id=88#breadcrumb\",\"itemListElement\":[{\"@type\":\"ListItem\",\"position\":1,\"name\":\"Home\",\"item\":\"https:\/\/ucmh.sld.cu\/\"},{\"@type\":\"ListItem\",\"position\":2,\"name\":\"Misi\u00f3n\"}]},{\"@type\":\"WebSite\",\"@id\":\"https:\/\/ucmh.sld.cu\/#website\",\"url\":\"https:\/\/ucmh.sld.cu\/\",\"name\":\"UCMHabana\",\"description\":\"Por una universidad de excelencia\",\"publisher\":{\"@id\":\"https:\/\/ucmh.sld.cu\/#organization\"},\"alternateName\":\"Universidad de Ciencias M\u00e9dicas de La Habana\",\"potentialAction\":[{\"@type\":\"SearchAction\",\"target\":{\"@type\":\"EntryPoint\",\"urlTemplate\":\"https:\/\/ucmh.sld.cu\/?s={search_term_string}\"},\"query-input\":\"required name=search_term_string\"}],\"inLanguage\":\"es\"},{\"@type\":\"Organization\",\"@id\":\"https:\/\/ucmh.sld.cu\/#organization\",\"name\":\"Universidad de Ciencias M\u00e9dicas de La Habana\",\"alternateName\":\"UCMHabana\",\"url\":\"https:\/\/ucmh.sld.cu\/\",\"logo\":{\"@type\":\"ImageObject\",\"inLanguage\":\"es\",\"@id\":\"https:\/\/ucmh.sld.cu\/#\/schema\/logo\/image\/\",\"url\":\"https:\/\/ucmh.sld.cu\/wp-content\/uploads\/2023\/05\/logo-universidad_1.jpg\",\"contentUrl\":\"https:\/\/ucmh.sld.cu\/wp-content\/uploads\/2023\/05\/logo-universidad_1.jpg\",\"width\":710,\"height\":498,\"caption\":\"Universidad de Ciencias M\u00e9dicas de La Habana\"},\"image\":{\"@id\":\"https:\/\/ucmh.sld.cu\/#\/schema\/logo\/image\/\"},\"sameAs\":[\"https:\/\/www.facebook.com\/universidadcienciasmedicashabana\",\"https:\/\/twitter.com\/UCMHabana\",\"https:\/\/www.instagram.com\/ucmh_cuba\",\"http:\/\/www.youtube.com\/@universidaddecienciasmedic6315\"]}]}<\/script>\n<!-- \/ Yoast SEO plugin. -->","yoast_head_json":{"title":"Misi\u00f3n - UCMHabana","robots":{"index":"index","follow":"follow","max-snippet":"max-snippet:-1","max-image-preview":"max-image-preview:large","max-video-preview":"max-video-preview:-1"},"canonical":"https:\/\/ucmh.sld.cu\/?page_id=88","og_locale":"es_ES","og_type":"article","og_title":"Misi\u00f3n - UCMHabana","og_description":"[vc_row][vc_column][vc_text_separator title=&#8221;Misi\u00f3n&#8221; color=&#8221;custom&#8221; style=&#8221;shadow&#8221; accent_color=&#8221;#115696&#8243;][\/vc_column][\/vc_row][vc_row][vc_column width=&#8221;1\/2&#8243;][vc_column_text] [\/vc_column_text][\/vc_column][vc_column width=&#8221;1\/2&#8243;][vc_column_text] Formar integralmente profesionales revolucionarios en Ciencias de la Salud, producir conocimientos, tecnolog\u00edas e innovaciones tecnol\u00f3gicas, desarrollar la extensi\u00f3n universitaria y ejercer la rector\u00eda metodol\u00f3gica de planes y programas de estudios de las carreras y especialidades de postgrado que desarrolla con el prop\u00f3sito de contribuir en los escenarios [&hellip;]","og_url":"https:\/\/ucmh.sld.cu\/?page_id=88","og_site_name":"UCMHabana","article_publisher":"https:\/\/www.facebook.com\/universidadcienciasmedicashabana","article_modified_time":"2025-09-03T18:25:10+00:00","og_image":[{"url":"https:\/\/ucmh.sld.cu\/wp-content\/uploads\/2024\/05\/perfiles-de-FATESA-1-300x226.jpg"}],"twitter_card":"summary_large_image","twitter_site":"@UCMHabana","twitter_misc":{"Est. reading time":"2 minutos"},"schema":{"@context":"https:\/\/schema.org","@graph":[{"@type":"WebPage","@id":"https:\/\/ucmh.sld.cu\/?page_id=88","url":"https:\/\/ucmh.sld.cu\/?page_id=88","name":"Misi\u00f3n - UCMHabana","isPartOf":{"@id":"https:\/\/ucmh.sld.cu\/#website"},"datePublished":"2022-06-16T18:43:33+00:00","dateModified":"2025-09-03T18:25:10+00:00","breadcrumb":{"@id":"https:\/\/ucmh.sld.cu\/?page_id=88#breadcrumb"},"inLanguage":"es","potentialAction":[{"@type":"ReadAction","target":["https:\/\/ucmh.sld.cu\/?page_id=88"]}]},{"@type":"BreadcrumbList","@id":"https:\/\/ucmh.sld.cu\/?page_id=88#breadcrumb","itemListElement":[{"@type":"ListItem","position":1,"name":"Home","item":"https:\/\/ucmh.sld.cu\/"},{"@type":"ListItem","position":2,"name":"Misi\u00f3n"}]},{"@type":"WebSite","@id":"https:\/\/ucmh.sld.cu\/#website","url":"https:\/\/ucmh.sld.cu\/","name":"UCMHabana","description":"Por una universidad de excelencia","publisher":{"@id":"https:\/\/ucmh.sld.cu\/#organization"},"alternateName":"Universidad de Ciencias M\u00e9dicas de La Habana","potentialAction":[{"@type":"SearchAction","target":{"@type":"EntryPoint","urlTemplate":"https:\/\/ucmh.sld.cu\/?s={search_term_string}"},"query-input":"required name=search_term_string"}],"inLanguage":"es"},{"@type":"Organization","@id":"https:\/\/ucmh.sld.cu\/#organization","name":"Universidad de Ciencias M\u00e9dicas de La Habana","alternateName":"UCMHabana","url":"https:\/\/ucmh.sld.cu\/","logo":{"@type":"ImageObject","inLanguage":"es","@id":"https:\/\/ucmh.sld.cu\/#\/schema\/logo\/image\/","url":"https:\/\/ucmh.sld.cu\/wp-content\/uploads\/2023\/05\/logo-universidad_1.jpg","contentUrl":"https:\/\/ucmh.sld.cu\/wp-content\/uploads\/2023\/05\/logo-universidad_1.jpg","width":710,"height":498,"caption":"Universidad de Ciencias M\u00e9dicas de La Habana"},"image":{"@id":"https:\/\/ucmh.sld.cu\/#\/schema\/logo\/image\/"},"sameAs":["https:\/\/www.facebook.com\/universidadcienciasmedicashabana","https:\/\/twitter.com\/UCMHabana","https:\/\/www.instagram.com\/ucmh_cuba","http:\/\/www.youtube.com\/@universidaddecienciasmedic6315"]}]}},"_links":{"self":[{"href":"https:\/\/ucmh.sld.cu\/index.php?rest_route=\/wp\/v2\/pages\/88"}],"collection":[{"href":"https:\/\/ucmh.sld.cu\/index.php?rest_route=\/wp\/v2\/pages"}],"about":[{"href":"https:\/\/ucmh.sld.cu\/index.php?rest_route=\/wp\/v2\/types\/page"}],"author":[{"embeddable":true,"href":"https:\/\/ucmh.sld.cu\/index.php?rest_route=\/wp\/v2\/users\/1"}],"replies":[{"embeddable":true,"href":"https:\/\/ucmh.sld.cu\/index.php?rest_route=%2Fwp%2Fv2%2Fcomments&post=88"}],"version-history":[{"count":48,"href":"https:\/\/ucmh.sld.cu\/index.php?rest_route=\/wp\/v2\/pages\/88\/revisions"}],"predecessor-version":[{"id":2491,"href":"https:\/\/ucmh.sld.cu\/index.php?rest_route=\/wp\/v2\/pages\/88\/revisions\/2491"}],"wp:attachment":[{"href":"https:\/\/ucmh.sld.cu\/index.php?rest_route=%2Fwp%2Fv2%2Fmedia&parent=88"}],"curies":[{"name":"wp","href":"https:\/\/api.w.org\/{rel}","templated":true}]}}